{"id":5212,"date":"2021-08-25T07:26:28","date_gmt":"2021-08-25T07:26:28","guid":{"rendered":"http:\/\/dummy.xtemos.com\/woodmart2\/?page_id=5212"},"modified":"2025-10-03T13:44:41","modified_gmt":"2025-10-03T13:44:41","slug":"nosotros","status":"publish","type":"page","link":"https:\/\/estudiomajo.com\/sempre\/nosotros\/","title":{"rendered":"NOSOTROS"},"content":{"rendered":"<div class=\"wpb-content-wrapper\"><p>[vc_row full_width=\u00bbstretch_row_content\u00bb content_placement=\u00bbbottom\u00bb woodmart_bg_position=\u00bbcenter-top\u00bb css=\u00bb.vc_custom_1759499079040{margin-top: -10px !important;padding-top: 550px !important;padding-bottom: 80px !important;padding-left: 10% !important;background: #0a0a0a url(https:\/\/estudiomajo.com\/sempre\/wp-content\/uploads\/2021\/11\/sempre-slide1.jpg?id=10490) !important;background-position: center !important;background-repeat: no-repeat !important;background-size: cover !important;}\u00bb wd_z_index=\u00bbno\u00bb woodmart_css_id=\u00bb68dfd3413177b\u00bb responsive_spacing=\u00bbeyJwYXJhbV90eXBlIjoid29vZG1hcnRfcmVzcG9uc2l2ZV9zcGFjaW5nIiwic2VsZWN0b3JfaWQiOiI2OGRmZDM0MTMxNzdiIiwic2hvcnRjb2RlIjoidmNfcm93IiwiZGF0YSI6eyJ0YWJsZXQiOnt9LCJtb2JpbGUiOnsibWFyZ2luLWJvdHRvbSI6IjBweCIsInBhZGRpbmctdG9wIjoiMzAwcHgiLCJwYWRkaW5nLWJvdHRvbSI6IjEwcHgiLCJwYWRkaW5nLWxlZnQiOiI1JSJ9fX0=\u00bb mobile_bg_img_hidden=\u00bbno\u00bb tablet_bg_img_hidden=\u00bbno\u00bb woodmart_parallax=\u00bb0&#8243; woodmart_gradient_switch=\u00bbno\u00bb row_reverse_mobile=\u00bb0&#8243; row_reverse_tablet=\u00bb0&#8243; woodmart_disable_overflow=\u00bb0&#8243; woodmart_box_shadow=\u00bbno\u00bb][vc_column woodmart_text_align=\u00bbcenter\u00bb vertical_alignment=\u00bbeyJkZXZpY2VzIjp7ImRlc2t0b3AiOnsidmFsdWUiOiJmbGV4LWVuZCJ9LCJ0YWJsZXQiOnsidmFsdWUiOiIifSwibW9iaWxlIjp7InZhbHVlIjoiIn19fQ==\u00bb css=\u00bb.vc_custom_1756379108829{padding-top: 0px !important;}\u00bb wd_z_index=\u00bbno\u00bb woodmart_css_id=\u00bb68b037e03f511&#8243; responsive_spacing=\u00bbeyJwYXJhbV90eXBlIjoid29vZG1hcnRfcmVzcG9uc2l2ZV9zcGFjaW5nIiwic2VsZWN0b3JfaWQiOiI2OGIwMzdlMDNmNTExIiwic2hvcnRjb2RlIjoidmNfY29sdW1uIiwiZGF0YSI6eyJ0YWJsZXQiOnt9LCJtb2JpbGUiOnt9fX0=\u00bb parallax_scroll=\u00bbno\u00bb mobile_bg_img_hidden=\u00bbno\u00bb tablet_bg_img_hidden=\u00bbno\u00bb woodmart_parallax=\u00bb0&#8243; woodmart_sticky_column=\u00bbfalse\u00bb mobile_reset_margin=\u00bbno\u00bb tablet_reset_margin=\u00bbno\u00bb wd_collapsible_content_switcher=\u00bbno\u00bb wd_column_role_offcanvas_desktop=\u00bbno\u00bb wd_column_role_offcanvas_tablet=\u00bbno\u00bb wd_column_role_offcanvas_mobile=\u00bbno\u00bb wd_column_role_content_desktop=\u00bbno\u00bb wd_column_role_content_tablet=\u00bbno\u00bb wd_column_role_content_mobile=\u00bbno\u00bb woodmart_box_shadow=\u00bbno\u00bb]\t\t<div id=\"wd-68c968db99656\" class=\"wd-text-block wd-wpb reset-last-child wd-rs-68c968db99656 hidden-md hidden-sm text-left color-scheme-light wd-font-weight-500 wd-fontsize-xs font-primary vc_custom_1758030052695\">\n\t\t\t<p>SOBRE SEMPRE<\/p>\n\t\t<\/div>\n\t\t\n\t\t<div id=\"wd-68d47a025dadd\" class=\"title-wrapper wd-wpb wd-set-mb reset-last-child  wd-rs-68d47a025dadd wd-title-color-white wd-title-style-default text-left  wd-width-enabled wd-underline-colored\" style=\"--wd-max-width: 40%;\">\n\t\t\t\n\t\t\t<div class=\"liner-continer\">\n\t\t\t\t<h4 class=\"woodmart-title-container title  wd-font-weight- wd-fontsize-xxxl\" >Quienes<br \/>\nsomos<\/h4>\n\t\t\t\t\t\t\t<\/div>\n\t\t\t\n\t\t\t\n\t\t\t\n\t\t<\/div>\n\t\t\n\t\t[\/vc_column][\/vc_row][vc_row full_width=\u00bbstretch_row_content\u00bb gap=\u00bb30&#8243; css=\u00bb.vc_custom_1759499029388{padding-top: 10% !important;padding-right: 10% !important;padding-left: 10% !important;}\u00bb woodmart_css_id=\u00bb68dfd3100ef4b\u00bb responsive_spacing=\u00bbeyJwYXJhbV90eXBlIjoid29vZG1hcnRfcmVzcG9uc2l2ZV9zcGFjaW5nIiwic2VsZWN0b3JfaWQiOiI2OGRmZDMxMDBlZjRiIiwic2hvcnRjb2RlIjoidmNfcm93IiwiZGF0YSI6eyJ0YWJsZXQiOnt9LCJtb2JpbGUiOnsicGFkZGluZy10b3AiOiI1JSIsInBhZGRpbmctcmlnaHQiOiIwcHgiLCJwYWRkaW5nLWxlZnQiOiIwcHgifX19&#8243; mobile_bg_img_hidden=\u00bbno\u00bb tablet_bg_img_hidden=\u00bbno\u00bb woodmart_parallax=\u00bb0&#8243; woodmart_gradient_switch=\u00bbno\u00bb woodmart_box_shadow=\u00bbno\u00bb wd_z_index=\u00bbno\u00bb woodmart_disable_overflow=\u00bb0&#8243; row_reverse_mobile=\u00bb0&#8243; row_reverse_tablet=\u00bb0&#8243;][vc_column width=\u00bb1\/2&#8243; woodmart_css_id=\u00bb68b9e7031684b\u00bb parallax_scroll=\u00bbno\u00bb woodmart_sticky_column=\u00bbfalse\u00bb wd_collapsible_content_switcher=\u00bbno\u00bb wd_column_role_offcanvas_desktop=\u00bbno\u00bb wd_column_role_offcanvas_tablet=\u00bbno\u00bb wd_column_role_offcanvas_mobile=\u00bbno\u00bb wd_column_role_content_desktop=\u00bbno\u00bb wd_column_role_content_tablet=\u00bbno\u00bb wd_column_role_content_mobile=\u00bbno\u00bb mobile_bg_img_hidden=\u00bbno\u00bb tablet_bg_img_hidden=\u00bbno\u00bb woodmart_parallax=\u00bb0&#8243; woodmart_box_shadow=\u00bbno\u00bb responsive_spacing=\u00bbeyJwYXJhbV90eXBlIjoid29vZG1hcnRfcmVzcG9uc2l2ZV9zcGFjaW5nIiwic2VsZWN0b3JfaWQiOiI2OGI5ZTcwMzE2ODRiIiwic2hvcnRjb2RlIjoidmNfY29sdW1uIiwiZGF0YSI6eyJ0YWJsZXQiOnt9LCJtb2JpbGUiOnsibWFyZ2luLWJvdHRvbSI6IjBweCIsInBhZGRpbmctcmlnaHQiOiI1JSIsInBhZGRpbmctYm90dG9tIjoiMHB4IiwicGFkZGluZy1sZWZ0IjoiNSUifX19&#8243; mobile_reset_margin=\u00bbno\u00bb tablet_reset_margin=\u00bbno\u00bb wd_z_index=\u00bbno\u00bb]\t\t<div id=\"wd-68b8f19702dc1\" class=\"wd-text-block wd-wpb reset-last-child wd-rs-68b8f19702dc1 hidden-md hidden-sm hidden-xs text-left color-scheme-dark wd-font-weight-200 wd-fontsize-xs font-primary vc_custom_1756950946895\">\n\t\t\t<p>SOBRE NOSOTROS<\/p>\n\t\t<\/div>\n\t\t\n\t\t<div id=\"wd-68d47a38659d2\" class=\"title-wrapper wd-wpb wd-set-mb reset-last-child  wd-rs-68d47a38659d2 wd-title-color-default wd-title-style-default text-left  wd-width-enabled wd-underline-colored\" style=\"--wd-max-width: 80%;\">\n\t\t\t\n\t\t\t<div class=\"liner-continer\">\n\t\t\t\t<h4 class=\"woodmart-title-container title  wd-font-weight- wd-fontsize-xxl\" >SEMPRE: Seguridad industrial con compromiso y confianza.<\/h4>\n\t\t\t\t\t\t\t<\/div>\n\t\t\t\n\t\t\t\n\t\t\t\n\t\t<\/div>\n\t\t\n\t\t[\/vc_column][vc_column width=\u00bb1\/2&#8243; woodmart_css_id=\u00bb68b9e70ba6f75&#8243; parallax_scroll=\u00bbno\u00bb woodmart_sticky_column=\u00bbfalse\u00bb wd_collapsible_content_switcher=\u00bbno\u00bb wd_column_role_offcanvas_desktop=\u00bbno\u00bb wd_column_role_offcanvas_tablet=\u00bbno\u00bb wd_column_role_offcanvas_mobile=\u00bbno\u00bb wd_column_role_content_desktop=\u00bbno\u00bb wd_column_role_content_tablet=\u00bbno\u00bb wd_column_role_content_mobile=\u00bbno\u00bb mobile_bg_img_hidden=\u00bbno\u00bb tablet_bg_img_hidden=\u00bbno\u00bb woodmart_parallax=\u00bb0&#8243; woodmart_box_shadow=\u00bbno\u00bb responsive_spacing=\u00bbeyJwYXJhbV90eXBlIjoid29vZG1hcnRfcmVzcG9uc2l2ZV9zcGFjaW5nIiwic2VsZWN0b3JfaWQiOiI2OGI5ZTcwYmE2Zjc1Iiwic2hvcnRjb2RlIjoidmNfY29sdW1uIiwiZGF0YSI6eyJ0YWJsZXQiOnt9LCJtb2JpbGUiOnsibWFyZ2luLXRvcCI6IjBweCIsInBhZGRpbmctdG9wIjoiMHB4IiwicGFkZGluZy1yaWdodCI6IjUlIiwicGFkZGluZy1sZWZ0IjoiNSUifX19&#8243; mobile_reset_margin=\u00bbno\u00bb tablet_reset_margin=\u00bbno\u00bb wd_z_index=\u00bbno\u00bb][vc_empty_space responsive_tabs=\u00bbmobile\u00bb woodmart_hide_large=\u00bb0&#8243; woodmart_hide_medium=\u00bb1&#8243; woodmart_hide_small=\u00bb1&#8243;]\t\t<div id=\"wd-68dfd21ca4fbb\" class=\"wd-text-block wd-wpb reset-last-child wd-rs-68dfd21ca4fbb text-left wd-font-weight-600 wd-fontsize-custom \">\n\t\t\t<blockquote><p>\n<strong>Nuestro prop\u00f3sito: Proteger a quienes hacen, creando entornos de trabajo seguros donde cada tarea se realice con confianza.<\/strong>\n<\/p><\/blockquote>\n\t\t<\/div>\n\t\t[\/vc_column][\/vc_row][vc_row full_width=\u00bbstretch_row_content\u00bb gap=\u00bb30&#8243; css=\u00bb.vc_custom_1756389057824{padding-right: 10% !important;padding-bottom: 10% !important;padding-left: 10% !important;}\u00bb woodmart_css_id=\u00bb68b05ebeada0f\u00bb responsive_spacing=\u00bbeyJwYXJhbV90eXBlIjoid29vZG1hcnRfcmVzcG9uc2l2ZV9zcGFjaW5nIiwic2VsZWN0b3JfaWQiOiI2OGIwNWViZWFkYTBmIiwic2hvcnRjb2RlIjoidmNfcm93IiwiZGF0YSI6eyJ0YWJsZXQiOnt9LCJtb2JpbGUiOnsicGFkZGluZy1yaWdodCI6IjBweCIsInBhZGRpbmctbGVmdCI6IjBweCJ9fX0=\u00bb mobile_bg_img_hidden=\u00bbno\u00bb tablet_bg_img_hidden=\u00bbno\u00bb woodmart_parallax=\u00bb0&#8243; woodmart_gradient_switch=\u00bbno\u00bb woodmart_box_shadow=\u00bbno\u00bb wd_z_index=\u00bbno\u00bb woodmart_disable_overflow=\u00bb0&#8243; row_reverse_mobile=\u00bb0&#8243; row_reverse_tablet=\u00bb0&#8243;][vc_column width=\u00bb1\/2&#8243; woodmart_css_id=\u00bb68dfd1c54b708&#8243; parallax_scroll=\u00bbno\u00bb woodmart_sticky_column=\u00bbfalse\u00bb wd_collapsible_content_switcher=\u00bbno\u00bb wd_column_role_offcanvas_desktop=\u00bbno\u00bb wd_column_role_offcanvas_tablet=\u00bbno\u00bb wd_column_role_offcanvas_mobile=\u00bbno\u00bb wd_column_role_content_desktop=\u00bbno\u00bb wd_column_role_content_tablet=\u00bbno\u00bb wd_column_role_content_mobile=\u00bbno\u00bb mobile_bg_img_hidden=\u00bbno\u00bb tablet_bg_img_hidden=\u00bbno\u00bb woodmart_parallax=\u00bb0&#8243; woodmart_box_shadow=\u00bbno\u00bb responsive_spacing=\u00bbeyJwYXJhbV90eXBlIjoid29vZG1hcnRfcmVzcG9uc2l2ZV9zcGFjaW5nIiwic2VsZWN0b3JfaWQiOiI2OGRmZDFjNTRiNzA4Iiwic2hvcnRjb2RlIjoidmNfY29sdW1uIiwiZGF0YSI6eyJ0YWJsZXQiOnt9LCJtb2JpbGUiOnsibWFyZ2luLWJvdHRvbSI6Ii00MHB4IiwicGFkZGluZy1yaWdodCI6IjUlIiwicGFkZGluZy1ib3R0b20iOiIwcHgiLCJwYWRkaW5nLWxlZnQiOiI1JSJ9fX0=\u00bb mobile_reset_margin=\u00bbno\u00bb tablet_reset_margin=\u00bbno\u00bb wd_z_index=\u00bbno\u00bb]\t\t<div id=\"wd-68c96b71312c5\" class=\"wd-text-block wd-wpb reset-last-child wd-rs-68c96b71312c5 text-left wd-fontsize-custom \">\n\t\t\t<p data-start=\"313\" data-end=\"524\">Somos especialistas en soluciones de protecci\u00f3n personal, herramientas y equipamiento industrial, con la convicci\u00f3n de que cada tarea debe realizarse con confianza, respaldo t\u00e9cnico y el equipamiento adecuado.<\/p>\n\t\t<\/div>\n\t\t[\/vc_column][vc_column width=\u00bb1\/2&#8243; woodmart_css_id=\u00bb68b9e72aa232c\u00bb parallax_scroll=\u00bbno\u00bb woodmart_sticky_column=\u00bbfalse\u00bb wd_collapsible_content_switcher=\u00bbno\u00bb wd_column_role_offcanvas_desktop=\u00bbno\u00bb wd_column_role_offcanvas_tablet=\u00bbno\u00bb wd_column_role_offcanvas_mobile=\u00bbno\u00bb wd_column_role_content_desktop=\u00bbno\u00bb wd_column_role_content_tablet=\u00bbno\u00bb wd_column_role_content_mobile=\u00bbno\u00bb mobile_bg_img_hidden=\u00bbno\u00bb tablet_bg_img_hidden=\u00bbno\u00bb woodmart_parallax=\u00bb0&#8243; woodmart_box_shadow=\u00bbno\u00bb responsive_spacing=\u00bbeyJwYXJhbV90eXBlIjoid29vZG1hcnRfcmVzcG9uc2l2ZV9zcGFjaW5nIiwic2VsZWN0b3JfaWQiOiI2OGI5ZTcyYWEyMzJjIiwic2hvcnRjb2RlIjoidmNfY29sdW1uIiwiZGF0YSI6eyJ0YWJsZXQiOnt9LCJtb2JpbGUiOnsibWFyZ2luLXRvcCI6IjBweCIsInBhZGRpbmctdG9wIjoiMHB4IiwicGFkZGluZy1yaWdodCI6IjUlIiwicGFkZGluZy1sZWZ0IjoiNSUifX19&#8243; mobile_reset_margin=\u00bbno\u00bb tablet_reset_margin=\u00bbno\u00bb wd_z_index=\u00bbno\u00bb]\t\t<div id=\"wd-68c96b77aa0a9\" class=\"wd-text-block wd-wpb reset-last-child wd-rs-68c96b77aa0a9 text-left wd-fontsize-custom \">\n\t\t\t<p>Con un equipo comprometido, acompa\u00f1amos a empresas de diversos sectores, ofreciendo asesoramiento t\u00e9cnico, respuesta \u00e1gil y un servicio cercano, entendiendo las urgencias y desaf\u00edos del mundo industrial.<\/p>\n\t\t<\/div>\n\t\t[\/vc_column][\/vc_row][vc_row full_width=\u00bbstretch_row_content\u00bb equal_height=\u00bbyes\u00bb css=\u00bb.vc_custom_1759498849255{margin-bottom: -50px !important;padding-top: 5% !important;padding-right: 10% !important;padding-bottom: 5% !important;background-color: #F4F4F4 !important;}\u00bb woodmart_css_id=\u00bb68dfd25d49db9&#8243; responsive_spacing=\u00bbeyJwYXJhbV90eXBlIjoid29vZG1hcnRfcmVzcG9uc2l2ZV9zcGFjaW5nIiwic2VsZWN0b3JfaWQiOiI2OGRmZDI1ZDQ5ZGI5Iiwic2hvcnRjb2RlIjoidmNfcm93IiwiZGF0YSI6eyJ0YWJsZXQiOnt9LCJtb2JpbGUiOnsibWFyZ2luLXRvcCI6IjBweCIsIm1hcmdpbi1ib3R0b20iOiIwcHgiLCJwYWRkaW5nLXRvcCI6IjBweCIsInBhZGRpbmctcmlnaHQiOiI1JSIsInBhZGRpbmctbGVmdCI6IjUlIn19fQ==\u00bb mobile_bg_img_hidden=\u00bbno\u00bb tablet_bg_img_hidden=\u00bbno\u00bb woodmart_parallax=\u00bb0&#8243; woodmart_gradient_switch=\u00bbno\u00bb woodmart_box_shadow=\u00bbno\u00bb wd_z_index=\u00bbno\u00bb woodmart_disable_overflow=\u00bb0&#8243; row_reverse_mobile=\u00bb0&#8243; row_reverse_tablet=\u00bb0&#8243;][vc_column width=\u00bb1\/2&#8243; css=\u00bb.vc_custom_1758041663878{background-image: url(https:\/\/estudiomajo.com\/sempre\/wp-content\/uploads\/2025\/09\/nosotros.jpg?id=10533) !important;background-position: center !important;background-repeat: no-repeat !important;background-size: cover !important;}\u00bb woodmart_css_id=\u00bb68c9962e57428&#8243; parallax_scroll=\u00bbno\u00bb woodmart_sticky_column=\u00bbfalse\u00bb wd_collapsible_content_switcher=\u00bbno\u00bb wd_column_role_offcanvas_desktop=\u00bbno\u00bb wd_column_role_offcanvas_tablet=\u00bbno\u00bb wd_column_role_offcanvas_mobile=\u00bbno\u00bb wd_column_role_content_desktop=\u00bbno\u00bb wd_column_role_content_tablet=\u00bbno\u00bb wd_column_role_content_mobile=\u00bbno\u00bb mobile_bg_img_hidden=\u00bbno\u00bb tablet_bg_img_hidden=\u00bbno\u00bb woodmart_parallax=\u00bb0&#8243; woodmart_box_shadow=\u00bbno\u00bb responsive_spacing=\u00bbeyJwYXJhbV90eXBlIjoid29vZG1hcnRfcmVzcG9uc2l2ZV9zcGFjaW5nIiwic2VsZWN0b3JfaWQiOiI2OGM5OTYyZTU3NDI4Iiwic2hvcnRjb2RlIjoidmNfY29sdW1uIiwiZGF0YSI6eyJ0YWJsZXQiOnt9LCJtb2JpbGUiOnsibWFyZ2luLWJvdHRvbSI6IjIwcHgiLCJwYWRkaW5nLXRvcCI6IjE1MHB4IiwicGFkZGluZy1ib3R0b20iOiIxNTBweCJ9fX0=\u00bb mobile_reset_margin=\u00bbno\u00bb tablet_reset_margin=\u00bbno\u00bb wd_z_index=\u00bbno\u00bb][\/vc_column][vc_column width=\u00bb1\/2&#8243; woodmart_css_id=\u00bb68b9e7338f3f6&#8243; parallax_scroll=\u00bbno\u00bb woodmart_sticky_column=\u00bbfalse\u00bb wd_collapsible_content_switcher=\u00bbno\u00bb wd_column_role_offcanvas_desktop=\u00bbno\u00bb wd_column_role_offcanvas_tablet=\u00bbno\u00bb wd_column_role_offcanvas_mobile=\u00bbno\u00bb wd_column_role_content_desktop=\u00bbno\u00bb wd_column_role_content_tablet=\u00bbno\u00bb wd_column_role_content_mobile=\u00bbno\u00bb mobile_bg_img_hidden=\u00bbno\u00bb tablet_bg_img_hidden=\u00bbno\u00bb woodmart_parallax=\u00bb0&#8243; woodmart_box_shadow=\u00bbno\u00bb responsive_spacing=\u00bbeyJwYXJhbV90eXBlIjoid29vZG1hcnRfcmVzcG9uc2l2ZV9zcGFjaW5nIiwic2VsZWN0b3JfaWQiOiI2OGI5ZTczMzhmM2Y2Iiwic2hvcnRjb2RlIjoidmNfY29sdW1uIiwiZGF0YSI6eyJ0YWJsZXQiOnt9LCJtb2JpbGUiOnsibWFyZ2luLXRvcCI6IjBweCIsInBhZGRpbmctdG9wIjoiMTAlIiwicGFkZGluZy1yaWdodCI6IjUlIiwicGFkZGluZy1sZWZ0IjoiNSUifX19&#8243; mobile_reset_margin=\u00bbno\u00bb tablet_reset_margin=\u00bbno\u00bb wd_z_index=\u00bbno\u00bb css=\u00bb.vc_custom_1757013817452{padding-top: 10% !important;padding-right: 10% !important;padding-bottom: 10% !important;padding-left: 10% !important;}\u00bb]\n\t\t<div id=\"wd-68c9964df2638\" class=\"title-wrapper wd-wpb wd-set-mb reset-last-child  wd-rs-68c9964df2638 wd-title-color-default wd-title-style-default text-left  wd-underline-colored\">\n\t\t\t\n\t\t\t<div class=\"liner-continer\">\n\t\t\t\t<h4 class=\"woodmart-title-container title  wd-font-weight- wd-fontsize-xxl\" >Por qu\u00e9 elegir SEMPRE<\/h4>\n\t\t\t\t\t\t\t<\/div>\n\t\t\t\n\t\t\t\n\t\t\t\n\t\t<\/div>\n\t\t\n\t\t[vc_empty_space responsive_tabs=\u00bbmobile\u00bb woodmart_hide_large=\u00bb0&#8243; woodmart_hide_medium=\u00bb0&#8243; woodmart_hide_small=\u00bb1&#8243;]\t\t<div id=\"wd-68c96dc8a93c4\" class=\"wd-text-block wd-wpb reset-last-child wd-rs-68c96dc8a93c4 text-left wd-fontsize-custom \">\n\t\t\t<ul>\n<li data-start=\"46\" data-end=\"291\"><strong data-start=\"46\" data-end=\"61\">Innovaci\u00f3n:<\/strong> Mejoramos continuamente nuestros procesos.<\/li>\n<li data-start=\"46\" data-end=\"291\"><strong data-start=\"107\" data-end=\"122\" data-is-only-node=\"\">Integridad:<\/strong> La calidad y la seguridad son nuestra base.<\/li>\n<li data-start=\"46\" data-end=\"291\"><strong data-start=\"169\" data-end=\"184\">Compromiso:<\/strong> Apoyamos a quienes conf\u00edan en nosotros.<\/li>\n<li data-start=\"46\" data-end=\"291\"><strong data-start=\"227\" data-end=\"239\">Respeto:<\/strong> Valoramos a las personas y el entorno industrial.<\/li>\n<\/ul>\n\t\t<\/div>\n\t\t[\/vc_column][\/vc_row][vc_row full_width=\u00bbstretch_row_content\u00bb gap=\u00bb30&#8243; equal_height=\u00bbyes\u00bb css=\u00bb.vc_custom_1759498831047{padding-top: 8% !important;padding-right: 10% !important;padding-bottom: 5% !important;padding-left: 10% !important;}\u00bb woodmart_css_id=\u00bb68dfd247c9d35&#8243; responsive_spacing=\u00bbeyJwYXJhbV90eXBlIjoid29vZG1hcnRfcmVzcG9uc2l2ZV9zcGFjaW5nIiwic2VsZWN0b3JfaWQiOiI2OGRmZDI0N2M5ZDM1Iiwic2hvcnRjb2RlIjoidmNfcm93IiwiZGF0YSI6eyJ0YWJsZXQiOnt9LCJtb2JpbGUiOnsicGFkZGluZy10b3AiOiI1JSIsInBhZGRpbmctcmlnaHQiOiI1JSIsInBhZGRpbmctbGVmdCI6IjUlIn19fQ==\u00bb mobile_bg_img_hidden=\u00bbno\u00bb tablet_bg_img_hidden=\u00bbno\u00bb woodmart_parallax=\u00bb0&#8243; woodmart_gradient_switch=\u00bbno\u00bb woodmart_box_shadow=\u00bbno\u00bb wd_z_index=\u00bbno\u00bb woodmart_disable_overflow=\u00bb0&#8243; row_reverse_mobile=\u00bb0&#8243; row_reverse_tablet=\u00bb0&#8243;][vc_column width=\u00bb1\/3&#8243; woodmart_css_id=\u00bb68a7249993b71&#8243; parallax_scroll=\u00bbno\u00bb woodmart_sticky_column=\u00bbfalse\u00bb wd_collapsible_content_switcher=\u00bbno\u00bb wd_column_role_offcanvas_desktop=\u00bbno\u00bb wd_column_role_offcanvas_tablet=\u00bbno\u00bb wd_column_role_offcanvas_mobile=\u00bbno\u00bb wd_column_role_content_desktop=\u00bbno\u00bb wd_column_role_content_tablet=\u00bbno\u00bb wd_column_role_content_mobile=\u00bbno\u00bb mobile_bg_img_hidden=\u00bbno\u00bb tablet_bg_img_hidden=\u00bbno\u00bb woodmart_parallax=\u00bb0&#8243; woodmart_box_shadow=\u00bbno\u00bb responsive_spacing=\u00bbeyJwYXJhbV90eXBlIjoid29vZG1hcnRfcmVzcG9uc2l2ZV9zcGFjaW5nIiwic2VsZWN0b3JfaWQiOiI2OGE3MjQ5OTkzYjcxIiwic2hvcnRjb2RlIjoidmNfY29sdW1uIiwiZGF0YSI6eyJ0YWJsZXQiOnt9LCJtb2JpbGUiOnsibWFyZ2luLWJvdHRvbSI6Ii01MHB4IiwiYm9yZGVyLXJpZ2h0LXdpZHRoIjoiMHB4IiwicGFkZGluZy1yaWdodCI6IjBweCIsInBhZGRpbmctbGVmdCI6IjBweCJ9fX0=\u00bb mobile_reset_margin=\u00bbno\u00bb tablet_reset_margin=\u00bbno\u00bb wd_z_index=\u00bbno\u00bb css=\u00bb.vc_custom_1755784358682{border-right-width: 2px !important;padding-right: 5% !important;padding-left: 5% !important;border-right-style: solid !important;border-color: #EFEFEF !important;}\u00bb]\n\t\t<div id=\"wd-68a48174ac224\" class=\"title-wrapper wd-wpb wd-set-mb reset-last-child  wd-rs-68a48174ac224 wd-title-color-default wd-title-style-default text-left  wd-underline-colored\">\n\t\t\t\n\t\t\t<div class=\"liner-continer\">\n\t\t\t\t<h4 class=\"woodmart-title-container title  wd-font-weight- wd-fontsize-m\" >VISI\u00d3N<\/h4>\n\t\t\t\t\t\t\t<\/div>\n\t\t\t\n\t\t\t\n\t\t\t\n\t\t<\/div>\n\t\t\n\t\t\t\t<div id=\"wd-68c96bb61600e\" class=\"wd-text-block wd-wpb reset-last-child wd-rs-68c96bb61600e text-left wd-fontsize-custom \">\n\t\t\t<p data-pm-slice=\"1 1 []\"><strong>Ser referentes en Argentina y la regi\u00f3n en soluciones integrales para la seguridad industrial. <\/strong>Acompa\u00f1ar a nuestros clientes con cercan\u00eda, innovaci\u00f3n y capacidad de respuesta, ofreciendo valor real y sostenible a cada v\u00ednculo comercial.<\/p>\n\t\t<\/div>\n\t\t[\/vc_column][vc_column width=\u00bb1\/3&#8243; woodmart_css_id=\u00bb68c96d6729584&#8243; parallax_scroll=\u00bbno\u00bb woodmart_sticky_column=\u00bbfalse\u00bb wd_collapsible_content_switcher=\u00bbno\u00bb wd_column_role_offcanvas_desktop=\u00bbno\u00bb wd_column_role_offcanvas_tablet=\u00bbno\u00bb wd_column_role_offcanvas_mobile=\u00bbno\u00bb wd_column_role_content_desktop=\u00bbno\u00bb wd_column_role_content_tablet=\u00bbno\u00bb wd_column_role_content_mobile=\u00bbno\u00bb mobile_bg_img_hidden=\u00bbno\u00bb tablet_bg_img_hidden=\u00bbno\u00bb woodmart_parallax=\u00bb0&#8243; woodmart_box_shadow=\u00bbno\u00bb responsive_spacing=\u00bbeyJwYXJhbV90eXBlIjoid29vZG1hcnRfcmVzcG9uc2l2ZV9zcGFjaW5nIiwic2VsZWN0b3JfaWQiOiI2OGM5NmQ2NzI5NTg0Iiwic2hvcnRjb2RlIjoidmNfY29sdW1uIiwiZGF0YSI6eyJ0YWJsZXQiOnt9LCJtb2JpbGUiOnsibWFyZ2luLWJvdHRvbSI6Ii01MHB4IiwiYm9yZGVyLXJpZ2h0LXdpZHRoIjoiMHB4IiwicGFkZGluZy1yaWdodCI6IjBweCIsInBhZGRpbmctbGVmdCI6IjBweCJ9fX0=\u00bb mobile_reset_margin=\u00bbno\u00bb tablet_reset_margin=\u00bbno\u00bb wd_z_index=\u00bbno\u00bb css=\u00bb.vc_custom_1758031210865{border-right-width: 2px !important;padding-right: 5% !important;padding-left: 5% !important;border-right-style: solid !important;border-color: #EFEFEF !important;}\u00bb]\n\t\t<div id=\"wd-68a4816c675e6\" class=\"title-wrapper wd-wpb wd-set-mb reset-last-child  wd-rs-68a4816c675e6 wd-title-color-default wd-title-style-default text-left  wd-underline-colored\">\n\t\t\t\n\t\t\t<div class=\"liner-continer\">\n\t\t\t\t<h4 class=\"woodmart-title-container title  wd-font-weight- wd-fontsize-m\" >MISI\u00d3N<\/h4>\n\t\t\t\t\t\t\t<\/div>\n\t\t\t\n\t\t\t\n\t\t\t\n\t\t<\/div>\n\t\t\n\t\t\t\t<div id=\"wd-68c96bc97338d\" class=\"wd-text-block wd-wpb reset-last-child wd-rs-68c96bc97338d text-left wd-fontsize-custom \">\n\t\t\t<p data-pm-slice=\"1 1 []\"><strong>Brindar seguridad a las personas y su entorno, proveyendo productos y soluciones que cumplen con las normativas m\u00e1s exigentes.<\/strong> Nos enfocamos en entregar condiciones \u00f3ptimas para un trabajo seguro, eficiente y profesional, con una atenci\u00f3n \u00e1gil y personalizada.<\/p>\n\t\t<\/div>\n\t\t[vc_empty_space woodmart_hide_large=\u00bb0&#8243; woodmart_hide_medium=\u00bb0&#8243; woodmart_hide_small=\u00bb0&#8243;][\/vc_column][vc_column width=\u00bb1\/3&#8243;]\n\t\t<div id=\"wd-68c96d00814eb\" class=\"title-wrapper wd-wpb wd-set-mb reset-last-child  wd-rs-68c96d00814eb wd-title-color-default wd-title-style-default text-left  wd-underline-colored\">\n\t\t\t\n\t\t\t<div class=\"liner-continer\">\n\t\t\t\t<h4 class=\"woodmart-title-container title  wd-font-weight- wd-fontsize-m\" >NUESTROS VALORES<\/h4>\n\t\t\t\t\t\t\t<\/div>\n\t\t\t\n\t\t\t\n\t\t\t\n\t\t<\/div>\n\t\t\n\t\t\t\t<div id=\"wd-68c96de3a119b\" class=\"wd-text-block wd-wpb reset-last-child wd-rs-68c96de3a119b text-left wd-fontsize-custom \">\n\t\t\t<ul>\n<li data-start=\"46\" data-end=\"291\"><strong data-start=\"46\" data-end=\"61\">Innovaci\u00f3n:<\/strong> Mejoramos continuamente nuestros procesos.<\/li>\n<li data-start=\"46\" data-end=\"291\"><strong data-start=\"107\" data-end=\"122\" data-is-only-node=\"\">Integridad:<\/strong> La calidad y la seguridad son nuestra base.<\/li>\n<li data-start=\"46\" data-end=\"291\"><strong data-start=\"169\" data-end=\"184\">Compromiso:<\/strong> Apoyamos a quienes conf\u00edan en nosotros.<\/li>\n<li data-start=\"46\" data-end=\"291\"><strong data-start=\"227\" data-end=\"239\">Respeto:<\/strong> Valoramos a las personas y el entorno industrial.<\/li>\n<\/ul>\n\t\t<\/div>\n\t\t[\/vc_column][\/vc_row][vc_row full_width=\u00bbstretch_row_content\u00bb equal_height=\u00bbyes\u00bb woodmart_stretch_content=\u00bbsection-stretch\u00bb css=\u00bb.vc_custom_1758551753711{margin-bottom: -50px !important;padding-top: 300px !important;padding-bottom: 300px !important;background-image: url(https:\/\/estudiomajo.com\/sempre\/wp-content\/uploads\/2025\/09\/banner2.jpg?id=10536) !important;background-position: center !important;background-repeat: no-repeat !important;background-size: cover !important;}\u00bb woodmart_css_id=\u00bb68d15ebe591bd\u00bb responsive_spacing=\u00bbeyJwYXJhbV90eXBlIjoid29vZG1hcnRfcmVzcG9uc2l2ZV9zcGFjaW5nIiwic2VsZWN0b3JfaWQiOiI2OGQxNWViZTU5MWJkIiwic2hvcnRjb2RlIjoidmNfcm93IiwiZGF0YSI6eyJ0YWJsZXQiOnt9LCJtb2JpbGUiOnsicGFkZGluZy10b3AiOiIxMDBweCIsInBhZGRpbmctYm90dG9tIjoiMTAwcHgifX19&#8243; mobile_bg_img_hidden=\u00bbno\u00bb tablet_bg_img_hidden=\u00bbno\u00bb woodmart_parallax=\u00bb1&#8243; woodmart_gradient_switch=\u00bbno\u00bb woodmart_box_shadow=\u00bbno\u00bb wd_z_index=\u00bbno\u00bb woodmart_disable_overflow=\u00bb0&#8243; row_reverse_mobile=\u00bb0&#8243; row_reverse_tablet=\u00bb0&#8243;][vc_column width=\u00bb2\/3&#8243; woodmart_css_id=\u00bb68c9975b190a6&#8243; parallax_scroll=\u00bbno\u00bb woodmart_sticky_column=\u00bbfalse\u00bb wd_collapsible_content_switcher=\u00bbno\u00bb wd_column_role_offcanvas_desktop=\u00bbno\u00bb wd_column_role_offcanvas_tablet=\u00bbno\u00bb wd_column_role_offcanvas_mobile=\u00bbno\u00bb wd_column_role_content_desktop=\u00bbno\u00bb wd_column_role_content_tablet=\u00bbno\u00bb wd_column_role_content_mobile=\u00bbno\u00bb mobile_bg_img_hidden=\u00bbno\u00bb tablet_bg_img_hidden=\u00bbno\u00bb woodmart_parallax=\u00bb0&#8243; woodmart_box_shadow=\u00bbno\u00bb responsive_spacing=\u00bbeyJwYXJhbV90eXBlIjoid29vZG1hcnRfcmVzcG9uc2l2ZV9zcGFjaW5nIiwic2VsZWN0b3JfaWQiOiI2OGM5OTc1YjE5MGE2Iiwic2hvcnRjb2RlIjoidmNfY29sdW1uIiwiZGF0YSI6eyJ0YWJsZXQiOnt9LCJtb2JpbGUiOnsicGFkZGluZy1yaWdodCI6IjEwJSIsInBhZGRpbmctbGVmdCI6IjEwJSJ9fX0=\u00bb mobile_reset_margin=\u00bbno\u00bb tablet_reset_margin=\u00bbno\u00bb wd_z_index=\u00bbno\u00bb]\n\t\t<div id=\"wd-68d15eb86fc2e\" class=\"title-wrapper wd-wpb wd-set-mb reset-last-child  wd-rs-68d15eb86fc2e wd-title-color-default wd-title-style-default text-left  wd-underline-colored\">\n\t\t\t\n\t\t\t<div class=\"liner-continer\">\n\t\t\t\t<h4 class=\"woodmart-title-container title  wd-font-weight-600 wd-fontsize-xxxl\" >Tu trabajo,<br \/>\nnuestra protecci\u00f3n<\/h4>\n\t\t\t\t\t\t\t<\/div>\n\t\t\t\n\t\t\t\n\t\t\t\n\t\t<\/div>\n\t\t\n\t\t[\/vc_column][vc_column width=\u00bb1\/3&#8243;][\/vc_column][\/vc_row]<\/p>\n<\/div>","protected":false},"excerpt":{"rendered":"<p>[vc_row full_width=\u00bbstretch_row_content\u00bb content_placement=\u00bbbottom\u00bb woodmart_bg_position=\u00bbcenter-top\u00bb css=\u00bb.vc_custom_1759499079040{margin-top: -10px !important;padding-top: 550px !important;padding-bottom: 80px !important;padding-left: 10% !important;background: #0a0a0a url(https:\/\/estudiomajo.com\/sempre\/wp-content\/uploads\/2021\/11\/sempre-slide1.jpg?id=10490) !important;background-position: center !important;background-repeat: no-repeat !important;background-size:<\/p>\n","protected":false},"author":2,"featured_media":0,"parent":0,"menu_order":0,"comment_status":"closed","ping_status":"closed","template":"","meta":{"footnotes":""},"class_list":["post-5212","page","type-page","status-publish","hentry"],"_links":{"self":[{"href":"https:\/\/estudiomajo.com\/sempre\/wp-json\/wp\/v2\/pages\/5212","targetHints":{"allow":["GET"]}}],"collection":[{"href":"https:\/\/estudiomajo.com\/sempre\/wp-json\/wp\/v2\/pages"}],"about":[{"href":"https:\/\/estudiomajo.com\/sempre\/wp-json\/wp\/v2\/types\/page"}],"author":[{"embeddable":true,"href":"https:\/\/estudiomajo.com\/sempre\/wp-json\/wp\/v2\/users\/2"}],"replies":[{"embeddable":true,"href":"https:\/\/estudiomajo.com\/sempre\/wp-json\/wp\/v2\/comments?post=5212"}],"version-history":[{"count":39,"href":"https:\/\/estudiomajo.com\/sempre\/wp-json\/wp\/v2\/pages\/5212\/revisions"}],"predecessor-version":[{"id":10739,"href":"https:\/\/estudiomajo.com\/sempre\/wp-json\/wp\/v2\/pages\/5212\/revisions\/10739"}],"wp:attachment":[{"href":"https:\/\/estudiomajo.com\/sempre\/wp-json\/wp\/v2\/media?parent=5212"}],"curies":[{"name":"wp","href":"https:\/\/api.w.org\/{rel}","templated":true}]}}