{"id":10679,"date":"2025-10-01T14:16:20","date_gmt":"2025-10-01T14:16:20","guid":{"rendered":"https:\/\/estudiomajo.com\/sempre\/?post_type=product&#038;p=10679"},"modified":"2025-10-01T14:45:43","modified_gmt":"2025-10-01T14:45:43","slug":"chomba-de-pique-negra-brutto","status":"publish","type":"product","link":"https:\/\/estudiomajo.com\/sempre\/producto\/chomba-de-pique-negra-brutto\/","title":{"rendered":"Chomba de piqu\u00e9 negra BRUTTO"},"content":{"rendered":"","protected":false},"excerpt":{"rendered":"<p><strong>Descripci\u00f3n<\/strong><\/p>\n<ul>\n<li><span style=\"font-weight: 400;\">Fabricaci\u00f3n en tela pique (algod\u00f3n poli\u00e9ster), lo que otorga una textura suave y transpirable<\/span><\/li>\n<li>Talle: S al XL<\/li>\n<li>Color: Negro<\/li>\n<li>Marca: BRUTTO<\/li>\n<\/ul>\n<p><strong>Usos \/ aplicaciones:<\/strong><\/p>\n<p>Miner\u00eda \/ Petroqu\u00edmicas \/ Construcci\u00f3n \/ Forestal \/ Agricultura \/ Laboratorios \/ Deportes \/ Vigilancia \/ Transporte \/ Log\u00edsticas \/ Mantenimiento Mec\u00e1nico \/ Industria en General<\/p>\n","protected":false},"featured_media":10680,"comment_status":"open","ping_status":"closed","template":"","meta":[],"product_brand":[],"product_cat":[72,83],"product_tag":[],"class_list":{"0":"post-10679","1":"product","2":"type-product","3":"status-publish","4":"has-post-thumbnail","6":"product_cat-indumentaria","7":"product_cat-ropa-de-trabajo","9":"first","10":"instock","11":"shipping-taxable","12":"product-type-simple"},"_links":{"self":[{"href":"https:\/\/estudiomajo.com\/sempre\/wp-json\/wp\/v2\/product\/10679","targetHints":{"allow":["GET"]}}],"collection":[{"href":"https:\/\/estudiomajo.com\/sempre\/wp-json\/wp\/v2\/product"}],"about":[{"href":"https:\/\/estudiomajo.com\/sempre\/wp-json\/wp\/v2\/types\/product"}],"replies":[{"embeddable":true,"href":"https:\/\/estudiomajo.com\/sempre\/wp-json\/wp\/v2\/comments?post=10679"}],"wp:featuredmedia":[{"embeddable":true,"href":"https:\/\/estudiomajo.com\/sempre\/wp-json\/wp\/v2\/media\/10680"}],"wp:attachment":[{"href":"https:\/\/estudiomajo.com\/sempre\/wp-json\/wp\/v2\/media?parent=10679"}],"wp:term":[{"taxonomy":"product_brand","embeddable":true,"href":"https:\/\/estudiomajo.com\/sempre\/wp-json\/wp\/v2\/product_brand?post=10679"},{"taxonomy":"product_cat","embeddable":true,"href":"https:\/\/estudiomajo.com\/sempre\/wp-json\/wp\/v2\/product_cat?post=10679"},{"taxonomy":"product_tag","embeddable":true,"href":"https:\/\/estudiomajo.com\/sempre\/wp-json\/wp\/v2\/product_tag?post=10679"}],"curies":[{"name":"wp","href":"https:\/\/api.w.org\/{rel}","templated":true}]}}