{"id":10764,"date":"2025-10-08T14:42:49","date_gmt":"2025-10-08T14:42:49","guid":{"rendered":"https:\/\/estudiomajo.com\/sempre\/?post_type=product&#038;p=10764"},"modified":"2025-10-08T14:42:49","modified_gmt":"2025-10-08T14:42:49","slug":"eslinga-capacidad-3-tn-largo-3-m-ancho-75-mm","status":"publish","type":"product","link":"https:\/\/estudiomajo.com\/sempre\/producto\/eslinga-capacidad-3-tn-largo-3-m-ancho-75-mm\/","title":{"rendered":"Eslinga &#8211; capacidad: 3 Tn Largo 3 m Ancho 75 mm"},"content":{"rendered":"","protected":false},"excerpt":{"rendered":"<p><strong>Material:<\/strong> Fabricadas en Poli\u00e9ster de alta tenacidad. Proceso de fabricaci\u00f3n certificado bajo la norma ISO 9001-2015.Coeficiente de seguridad 6.<br \/>\nEtiqueta identificatoria conteniendo los siguientes datos: Nombre del fabricante, C\u00f3digo, Longitud, Carga m\u00e1xima de uso en tiro directo, Lazo, Canasto, N\u00famero de lote de fabricaci\u00f3n, Coeficiente de seguridad, Fecha de fabricaci\u00f3n.<\/p>\n<p><strong>Certificado de calidad:<\/strong> Todas las eslingas son entregadas con un certificado de calidad, en las cuales se detallan los mismos datos de la etiqueta.<\/p>\n<p><strong>Rango de temperatura admitido de:<\/strong> -40\u00b0C a +90\u00b0C.<\/p>\n<p><strong>Elongaci\u00f3n a la carga m\u00e1xima de trabajo de aproximadamente 4%.<\/strong> Gran Flexibilidad y excelente relaci\u00f3n peso de la eslinga con la capacidad m\u00e1xima de uso. Esto brinda gran comodidad en el manipuleo de la eslinga. Gran durabilidad y seguridad, debido a que las fibras que ejercen el esfuerzo de izaje nunca entra en contacto con la carga. Lo que brinda gran seguridad en su utilizaci\u00f3n.<\/p>\n","protected":false},"featured_media":10765,"comment_status":"open","ping_status":"closed","template":"","meta":[],"product_brand":[],"product_cat":[100,99],"product_tag":[],"class_list":{"0":"post-10764","1":"product","2":"type-product","3":"status-publish","4":"has-post-thumbnail","6":"product_cat-eslingas","7":"product_cat-izajes","9":"first","10":"instock","11":"shipping-taxable","12":"product-type-simple"},"_links":{"self":[{"href":"https:\/\/estudiomajo.com\/sempre\/wp-json\/wp\/v2\/product\/10764","targetHints":{"allow":["GET"]}}],"collection":[{"href":"https:\/\/estudiomajo.com\/sempre\/wp-json\/wp\/v2\/product"}],"about":[{"href":"https:\/\/estudiomajo.com\/sempre\/wp-json\/wp\/v2\/types\/product"}],"replies":[{"embeddable":true,"href":"https:\/\/estudiomajo.com\/sempre\/wp-json\/wp\/v2\/comments?post=10764"}],"wp:featuredmedia":[{"embeddable":true,"href":"https:\/\/estudiomajo.com\/sempre\/wp-json\/wp\/v2\/media\/10765"}],"wp:attachment":[{"href":"https:\/\/estudiomajo.com\/sempre\/wp-json\/wp\/v2\/media?parent=10764"}],"wp:term":[{"taxonomy":"product_brand","embeddable":true,"href":"https:\/\/estudiomajo.com\/sempre\/wp-json\/wp\/v2\/product_brand?post=10764"},{"taxonomy":"product_cat","embeddable":true,"href":"https:\/\/estudiomajo.com\/sempre\/wp-json\/wp\/v2\/product_cat?post=10764"},{"taxonomy":"product_tag","embeddable":true,"href":"https:\/\/estudiomajo.com\/sempre\/wp-json\/wp\/v2\/product_tag?post=10764"}],"curies":[{"name":"wp","href":"https:\/\/api.w.org\/{rel}","templated":true}]}}