{"id":10793,"date":"2025-10-09T14:48:45","date_gmt":"2025-10-09T14:48:45","guid":{"rendered":"https:\/\/estudiomajo.com\/sempre\/?post_type=product&#038;p=10793"},"modified":"2025-10-09T14:48:46","modified_gmt":"2025-10-09T14:48:46","slug":"conos-500mm","status":"publish","type":"product","link":"https:\/\/estudiomajo.com\/sempre\/producto\/conos-500mm\/","title":{"rendered":"Conos 500mm"},"content":{"rendered":"","protected":false},"excerpt":{"rendered":"<p>Cono vial econ\u00f3mico con l\u00e1minas reflectivas visibles en la oscuridad.<\/p>\n<ul>\n<li>Peso: 2.5 kg.<\/li>\n<li>Altura: 750 mm.<\/li>\n<li>Base: 38cm x 38cm.<\/li>\n<li>Ancho de bandas reflectivas: 10 cm.<\/li>\n<li>Color: Rojo.<\/li>\n<li>Usos Posibles: Delimitaci\u00f3n de obras, demarcaci\u00f3n de \u00e1reas peligrosas en obras y construcciones, indicaci\u00f3n de existencia de pozos y baches, en caminos, carreteras y calles<\/li>\n<\/ul>\n","protected":false},"featured_media":10794,"comment_status":"open","ping_status":"closed","template":"","meta":[],"product_brand":[],"product_cat":[104,74],"product_tag":[],"class_list":{"0":"post-10793","1":"product","2":"type-product","3":"status-publish","4":"has-post-thumbnail","6":"product_cat-conos-y-balizas","7":"product_cat-senalizacion","9":"first","10":"instock","11":"shipping-taxable","12":"product-type-simple"},"_links":{"self":[{"href":"https:\/\/estudiomajo.com\/sempre\/wp-json\/wp\/v2\/product\/10793","targetHints":{"allow":["GET"]}}],"collection":[{"href":"https:\/\/estudiomajo.com\/sempre\/wp-json\/wp\/v2\/product"}],"about":[{"href":"https:\/\/estudiomajo.com\/sempre\/wp-json\/wp\/v2\/types\/product"}],"replies":[{"embeddable":true,"href":"https:\/\/estudiomajo.com\/sempre\/wp-json\/wp\/v2\/comments?post=10793"}],"wp:featuredmedia":[{"embeddable":true,"href":"https:\/\/estudiomajo.com\/sempre\/wp-json\/wp\/v2\/media\/10794"}],"wp:attachment":[{"href":"https:\/\/estudiomajo.com\/sempre\/wp-json\/wp\/v2\/media?parent=10793"}],"wp:term":[{"taxonomy":"product_brand","embeddable":true,"href":"https:\/\/estudiomajo.com\/sempre\/wp-json\/wp\/v2\/product_brand?post=10793"},{"taxonomy":"product_cat","embeddable":true,"href":"https:\/\/estudiomajo.com\/sempre\/wp-json\/wp\/v2\/product_cat?post=10793"},{"taxonomy":"product_tag","embeddable":true,"href":"https:\/\/estudiomajo.com\/sempre\/wp-json\/wp\/v2\/product_tag?post=10793"}],"curies":[{"name":"wp","href":"https:\/\/api.w.org\/{rel}","templated":true}]}}