{"id":10824,"date":"2025-11-05T17:34:35","date_gmt":"2025-11-05T17:34:35","guid":{"rendered":"https:\/\/estudiomajo.com\/sempre\/?post_type=product&#038;p=10824"},"modified":"2025-11-06T12:06:01","modified_gmt":"2025-11-06T12:06:01","slug":"borcegui-kmet-jazz-marron-p-acero","status":"publish","type":"product","link":"https:\/\/estudiomajo.com\/sempre\/producto\/borcegui-kmet-jazz-marron-p-acero\/","title":{"rendered":"BORCEGUI KMET JAZZ MARRON P. ACERO"},"content":{"rendered":"","protected":false},"excerpt":{"rendered":"<p style=\"text-align: left;\"><span class=\"gs_tkn\">\u00a0 \u00a0 \u00a0 \u00a0 \u00a0 C<\/span><span class=\"gs_tkn\">alzado\u00a0<\/span><span class=\"gs_tkn\">de\u00a0<\/span><span class=\"gs_tkn\">seguridad\u00a0<\/span><span class=\"gs_tkn\">dise\u00f1ado\u00a0<\/span><span class=\"gs_tkn\">para\u00a0<\/span><span class=\"gs_tkn\">ofrecer\u00a0<\/span><span class=\"gs_tkn\">protecci\u00f3n\u00a0<\/span><span class=\"gs_tkn\">en\u00a0<\/span><span class=\"gs_tkn\">entornos\u00a0<\/span><span class=\"gs_tkn\">industriales<\/span><\/p>\n<ul>\n<li>Marca: Kamet.<\/li>\n<li>Modelo: Jazz.<\/li>\n<li>Puntera: De acero para mayor protecci\u00f3n contra impactos.<\/li>\n<li>Suela: Poliuretano bidensidad que ofrece propiedades diel\u00e9ctricas y aislamiento t\u00e9rmico para resistir el calor y el fr\u00edo.<\/li>\n<li>Resistente al agua, antideslizante, con absorci\u00f3n de energ\u00eda en el tal\u00f3n (Shock Absorber) y aislante t\u00e9rmico.<\/li>\n<li>Talles: 36 al 47<\/li>\n<\/ul>\n<p>&nbsp;<\/p>\n","protected":false},"featured_media":0,"comment_status":"open","ping_status":"closed","template":"","meta":[],"product_brand":[],"product_cat":[114,71],"product_tag":[],"class_list":{"0":"post-10824","1":"product","2":"type-product","3":"status-publish","5":"product_cat-botas-petroleras","6":"product_cat-calzado","8":"first","9":"instock","10":"shipping-taxable","11":"product-type-simple"},"_links":{"self":[{"href":"https:\/\/estudiomajo.com\/sempre\/wp-json\/wp\/v2\/product\/10824","targetHints":{"allow":["GET"]}}],"collection":[{"href":"https:\/\/estudiomajo.com\/sempre\/wp-json\/wp\/v2\/product"}],"about":[{"href":"https:\/\/estudiomajo.com\/sempre\/wp-json\/wp\/v2\/types\/product"}],"replies":[{"embeddable":true,"href":"https:\/\/estudiomajo.com\/sempre\/wp-json\/wp\/v2\/comments?post=10824"}],"wp:attachment":[{"href":"https:\/\/estudiomajo.com\/sempre\/wp-json\/wp\/v2\/media?parent=10824"}],"wp:term":[{"taxonomy":"product_brand","embeddable":true,"href":"https:\/\/estudiomajo.com\/sempre\/wp-json\/wp\/v2\/product_brand?post=10824"},{"taxonomy":"product_cat","embeddable":true,"href":"https:\/\/estudiomajo.com\/sempre\/wp-json\/wp\/v2\/product_cat?post=10824"},{"taxonomy":"product_tag","embeddable":true,"href":"https:\/\/estudiomajo.com\/sempre\/wp-json\/wp\/v2\/product_tag?post=10824"}],"curies":[{"name":"wp","href":"https:\/\/api.w.org\/{rel}","templated":true}]}}