{"id":10854,"date":"2025-11-20T19:25:45","date_gmt":"2025-11-20T19:25:45","guid":{"rendered":"https:\/\/estudiomajo.com\/sempre\/?post_type=product&#038;p=10854"},"modified":"2025-11-20T19:36:46","modified_gmt":"2025-11-20T19:36:46","slug":"protector-auditivo-pascale-endoural","status":"publish","type":"product","link":"https:\/\/estudiomajo.com\/sempre\/producto\/protector-auditivo-pascale-endoural\/","title":{"rendered":"PROTECTOR AUDITIVO PASCALE ENDOURAL"},"content":{"rendered":"","protected":false},"excerpt":{"rendered":"<ul>\n<li>Marca:\u00a0De Pascale.<\/li>\n<li>Tipo:\u00a0Endoaural (se inserta en el canal auditivo), reutilizable, con cord\u00f3n.<\/li>\n<li>Atenuaci\u00f3n (SNR):\u00a026,2 dB.<\/li>\n<li>Detecci\u00f3n:\u00a0Contiene un inserto met\u00e1lico que lo hace detectable por sensores.<\/li>\n<li>Uso principal:\u00a0Protecci\u00f3n auditiva en entornos con niveles moderados de ruido, especialmente en industrias sensibles como la alimenticia y farmac\u00e9utica, donde se requiere la detecci\u00f3n de cuerpos extra\u00f1os.<\/li>\n<\/ul>\n","protected":false},"featured_media":10856,"comment_status":"open","ping_status":"closed","template":"","meta":[],"product_brand":[],"product_cat":[21,80],"product_tag":[],"class_list":{"0":"post-10854","1":"product","2":"type-product","3":"status-publish","4":"has-post-thumbnail","6":"product_cat-epp","7":"product_cat-seguridad-auditiva","9":"first","10":"instock","11":"shipping-taxable","12":"product-type-simple"},"_links":{"self":[{"href":"https:\/\/estudiomajo.com\/sempre\/wp-json\/wp\/v2\/product\/10854","targetHints":{"allow":["GET"]}}],"collection":[{"href":"https:\/\/estudiomajo.com\/sempre\/wp-json\/wp\/v2\/product"}],"about":[{"href":"https:\/\/estudiomajo.com\/sempre\/wp-json\/wp\/v2\/types\/product"}],"replies":[{"embeddable":true,"href":"https:\/\/estudiomajo.com\/sempre\/wp-json\/wp\/v2\/comments?post=10854"}],"wp:featuredmedia":[{"embeddable":true,"href":"https:\/\/estudiomajo.com\/sempre\/wp-json\/wp\/v2\/media\/10856"}],"wp:attachment":[{"href":"https:\/\/estudiomajo.com\/sempre\/wp-json\/wp\/v2\/media?parent=10854"}],"wp:term":[{"taxonomy":"product_brand","embeddable":true,"href":"https:\/\/estudiomajo.com\/sempre\/wp-json\/wp\/v2\/product_brand?post=10854"},{"taxonomy":"product_cat","embeddable":true,"href":"https:\/\/estudiomajo.com\/sempre\/wp-json\/wp\/v2\/product_cat?post=10854"},{"taxonomy":"product_tag","embeddable":true,"href":"https:\/\/estudiomajo.com\/sempre\/wp-json\/wp\/v2\/product_tag?post=10854"}],"curies":[{"name":"wp","href":"https:\/\/api.w.org\/{rel}","templated":true}]}}