{"id":10880,"date":"2025-11-21T16:30:33","date_gmt":"2025-11-21T16:30:33","guid":{"rendered":"https:\/\/estudiomajo.com\/sempre\/?post_type=product&#038;p=10880"},"modified":"2025-11-21T16:34:23","modified_gmt":"2025-11-21T16:34:23","slug":"casco-azul-milenium-clase-s-v","status":"publish","type":"product","link":"https:\/\/estudiomajo.com\/sempre\/producto\/casco-azul-milenium-clase-s-v\/","title":{"rendered":"CASCO AZUL MILENIUM CLASE S\/V"},"content":{"rendered":"","protected":false},"excerpt":{"rendered":"<ul>\n<li>Marca: Libus<\/li>\n<li>C\u00f3digo:\u00a0902389.<\/li>\n<li>Color:\u00a0Azul.<\/li>\n<li>Caracter\u00edsticas:\u00a0Diel\u00e9ctrico (sin ventilaci\u00f3n), modular para acoplar accesorios, con soporte para l\u00e1mpara minera.<\/li>\n<li>Componentes:\u00a0El c\u00f3digo corresponde a la carcasa; el arn\u00e9s se vende por separado.<\/li>\n<li>Compatibilidad:\u00a0Se puede usar con todos los arneses y visores retr\u00e1ctiles de la l\u00ednea Libus Milenium.<\/li>\n<li>Aplicaciones:\u00a0Adecuado para industrias como miner\u00eda, construcci\u00f3n, centrales el\u00e9ctricas, gas y petr\u00f3leo.<\/li>\n<\/ul>\n","protected":false},"featured_media":10881,"comment_status":"open","ping_status":"closed","template":"","meta":[],"product_brand":[],"product_cat":[21,79],"product_tag":[],"class_list":{"0":"post-10880","1":"product","2":"type-product","3":"status-publish","4":"has-post-thumbnail","6":"product_cat-epp","7":"product_cat-seguridad-craneana","9":"first","10":"instock","11":"shipping-taxable","12":"product-type-simple"},"_links":{"self":[{"href":"https:\/\/estudiomajo.com\/sempre\/wp-json\/wp\/v2\/product\/10880","targetHints":{"allow":["GET"]}}],"collection":[{"href":"https:\/\/estudiomajo.com\/sempre\/wp-json\/wp\/v2\/product"}],"about":[{"href":"https:\/\/estudiomajo.com\/sempre\/wp-json\/wp\/v2\/types\/product"}],"replies":[{"embeddable":true,"href":"https:\/\/estudiomajo.com\/sempre\/wp-json\/wp\/v2\/comments?post=10880"}],"wp:featuredmedia":[{"embeddable":true,"href":"https:\/\/estudiomajo.com\/sempre\/wp-json\/wp\/v2\/media\/10881"}],"wp:attachment":[{"href":"https:\/\/estudiomajo.com\/sempre\/wp-json\/wp\/v2\/media?parent=10880"}],"wp:term":[{"taxonomy":"product_brand","embeddable":true,"href":"https:\/\/estudiomajo.com\/sempre\/wp-json\/wp\/v2\/product_brand?post=10880"},{"taxonomy":"product_cat","embeddable":true,"href":"https:\/\/estudiomajo.com\/sempre\/wp-json\/wp\/v2\/product_cat?post=10880"},{"taxonomy":"product_tag","embeddable":true,"href":"https:\/\/estudiomajo.com\/sempre\/wp-json\/wp\/v2\/product_tag?post=10880"}],"curies":[{"name":"wp","href":"https:\/\/api.w.org\/{rel}","templated":true}]}}