{"id":10884,"date":"2025-11-21T16:34:46","date_gmt":"2025-11-21T16:34:46","guid":{"rendered":"https:\/\/estudiomajo.com\/sempre\/?post_type=product&#038;p=10884"},"modified":"2025-11-21T18:51:24","modified_gmt":"2025-11-21T18:51:24","slug":"casco-blanco-milenium-class-fb","status":"publish","type":"product","link":"https:\/\/estudiomajo.com\/sempre\/producto\/casco-blanco-milenium-class-fb\/","title":{"rendered":"CASCO BLANCO MILENIUM CLASS FB"},"content":{"rendered":"","protected":false},"excerpt":{"rendered":"<ul>\n<li>Dise\u00f1o:\u00a0De ala completa (Full Brim), ofrece mayor protecci\u00f3n contra impactos y salpicaduras.<\/li>\n<li>Propiedades:\u00a0Diel\u00e9ctrico (sin ventilaci\u00f3n), ideal para riesgo el\u00e9ctrico.<\/li>\n<li>El casco corresponde a la carcasa, el arn\u00e9s se vende por separado.<\/li>\n<li>Compatibilidad:\u00a0Se puede usar con todos los accesorios y visores retr\u00e1ctiles de la l\u00ednea Libus Milenium.<\/li>\n<li>Aplicaciones:\u00a0Orientado a la industria minera, petrolera y otros entornos exigentes.<\/li>\n<\/ul>\n","protected":false},"featured_media":10885,"comment_status":"open","ping_status":"closed","template":"","meta":[],"product_brand":[],"product_cat":[21,79],"product_tag":[],"class_list":{"0":"post-10884","1":"product","2":"type-product","3":"status-publish","4":"has-post-thumbnail","6":"product_cat-epp","7":"product_cat-seguridad-craneana","9":"first","10":"instock","11":"shipping-taxable","12":"product-type-simple"},"_links":{"self":[{"href":"https:\/\/estudiomajo.com\/sempre\/wp-json\/wp\/v2\/product\/10884","targetHints":{"allow":["GET"]}}],"collection":[{"href":"https:\/\/estudiomajo.com\/sempre\/wp-json\/wp\/v2\/product"}],"about":[{"href":"https:\/\/estudiomajo.com\/sempre\/wp-json\/wp\/v2\/types\/product"}],"replies":[{"embeddable":true,"href":"https:\/\/estudiomajo.com\/sempre\/wp-json\/wp\/v2\/comments?post=10884"}],"wp:featuredmedia":[{"embeddable":true,"href":"https:\/\/estudiomajo.com\/sempre\/wp-json\/wp\/v2\/media\/10885"}],"wp:attachment":[{"href":"https:\/\/estudiomajo.com\/sempre\/wp-json\/wp\/v2\/media?parent=10884"}],"wp:term":[{"taxonomy":"product_brand","embeddable":true,"href":"https:\/\/estudiomajo.com\/sempre\/wp-json\/wp\/v2\/product_brand?post=10884"},{"taxonomy":"product_cat","embeddable":true,"href":"https:\/\/estudiomajo.com\/sempre\/wp-json\/wp\/v2\/product_cat?post=10884"},{"taxonomy":"product_tag","embeddable":true,"href":"https:\/\/estudiomajo.com\/sempre\/wp-json\/wp\/v2\/product_tag?post=10884"}],"curies":[{"name":"wp","href":"https:\/\/api.w.org\/{rel}","templated":true}]}}